{"id":56,"date":"2025-11-06T21:40:02","date_gmt":"2025-11-07T03:40:02","guid":{"rendered":"https:\/\/rancholosgavilanes.com\/home\/"},"modified":"2025-11-13T04:32:15","modified_gmt":"2025-11-13T10:32:15","slug":"home","status":"publish","type":"page","link":"https:\/\/rancholosgavilanes.com\/en\/","title":{"rendered":"Home"},"content":{"rendered":"<div data-elementor-type=\"wp-page\" data-elementor-id=\"56\" class=\"elementor elementor-56\">\n\t\t\t\t<div class=\"elementor-element elementor-element-54768fda e-con-full animated-slow e-flex elementor-invisible e-con e-parent\" data-id=\"54768fda\" data-element_type=\"container\" data-settings=\"{&quot;background_background&quot;:&quot;slideshow&quot;,&quot;background_slideshow_gallery&quot;:[{&quot;id&quot;:566,&quot;url&quot;:&quot;https:\\\/\\\/rancholosgavilanes.com\\\/wp-content\\\/uploads\\\/2025\\\/11\\\/IMG_7827-scaled.jpg&quot;}],&quot;animation&quot;:&quot;fadeIn&quot;,&quot;background_slideshow_loop&quot;:&quot;yes&quot;,&quot;background_slideshow_slide_duration&quot;:5000,&quot;background_slideshow_slide_transition&quot;:&quot;fade&quot;,&quot;background_slideshow_transition_duration&quot;:500}\">\n\t\t<div class=\"elementor-element elementor-element-b3dbfd8 e-con-full e-flex e-con e-child\" data-id=\"b3dbfd8\" data-element_type=\"container\">\n\t\t\t\t<div class=\"elementor-element elementor-element-43831e8d elementor-widget elementor-widget-heading\" data-id=\"43831e8d\" data-element_type=\"widget\" data-widget_type=\"heading.default\">\n\t\t\t\t\t<h1 class=\"elementor-heading-title elementor-size-default\">Welcome to Rancho Los Gavilanes<\/h1>\t\t\t\t<\/div>\n\t\t\t\t<div class=\"elementor-element elementor-element-6f99c144 elementor-widget__width-initial elementor-widget-mobile__width-inherit elementor-widget elementor-widget-text-editor\" data-id=\"6f99c144\" data-element_type=\"widget\" data-widget_type=\"text-editor.default\">\n\t\t\t\t\t\t\t\t\t<p>Nature, relaxation, and traditional flavor in the heart of Guanacaste.<\/p>\t\t\t\t\t\t\t\t<\/div>\n\t\t\t\t<div class=\"elementor-element elementor-element-6380de1e elementor-mobile-align-center elementor-align-left elementor-invisible elementor-widget elementor-widget-button\" data-id=\"6380de1e\" data-element_type=\"widget\" data-settings=\"{&quot;_animation&quot;:&quot;fadeInDown&quot;}\" data-widget_type=\"button.default\">\n\t\t\t\t\t\t\t\t\t\t<a class=\"elementor-button elementor-button-link elementor-size-sm\" href=\"https:\/\/rancholosgavilanes.com\/en\/wp-booking-calendar\/\" target=\"_blank\">\n\t\t\t\t\t\t<span class=\"elementor-button-content-wrapper\">\n\t\t\t\t\t\t\t\t\t<span class=\"elementor-button-text\">Book now<\/span>\n\t\t\t\t\t<\/span>\n\t\t\t\t\t<\/a>\n\t\t\t\t\t\t\t\t<\/div>\n\t\t\t\t<\/div>\n\t\t\t\t<\/div>\n\t\t<div class=\"elementor-element elementor-element-5e07416a animated-slow e-flex e-con-boxed elementor-invisible e-con e-parent\" data-id=\"5e07416a\" data-element_type=\"container\" data-settings=\"{&quot;animation&quot;:&quot;fadeIn&quot;}\">\n\t\t\t\t\t<div class=\"e-con-inner\">\n\t\t\t\t<div class=\"elementor-element elementor-element-13ca4282 elementor-widget elementor-widget-heading\" data-id=\"13ca4282\" data-element_type=\"widget\" data-widget_type=\"heading.default\">\n\t\t\t\t\t<h2 class=\"elementor-heading-title elementor-size-default\">Live an authentic experience<\/h2>\t\t\t\t<\/div>\n\t\t<div class=\"elementor-element elementor-element-47bb9e4b e-con-full e-flex e-con e-child\" data-id=\"47bb9e4b\" data-element_type=\"container\">\n\t\t\t\t<div class=\"elementor-element elementor-element-1cb18cf4 elementor-widget elementor-widget-text-editor\" data-id=\"1cb18cf4\" data-element_type=\"widget\" data-widget_type=\"text-editor.default\">\n\t\t\t\t\t\t\t\t\t<p>At Rancho Los Gavilanes, we welcome you with spacious green areas, a pool, a camping zone, a river, and a restaurant full of Guanacaste flavor.<\/p>\n<p>We are a family-friendly place where tranquility, nature, and good food come together to offer you an unforgettable day.<\/p>\t\t\t\t\t\t\t\t<\/div>\n\t\t\t\t<\/div>\n\t\t\t\t\t<\/div>\n\t\t\t\t<\/div>\n\t\t<div class=\"elementor-element elementor-element-70af81f animated-slow e-flex e-con-boxed elementor-invisible e-con e-parent\" data-id=\"70af81f\" data-element_type=\"container\" data-settings=\"{&quot;animation&quot;:&quot;fadeIn&quot;}\">\n\t\t\t\t\t<div class=\"e-con-inner\">\n\t\t<div class=\"elementor-element elementor-element-3cbf61b e-con-full e-flex e-con e-child\" data-id=\"3cbf61b\" data-element_type=\"container\" data-settings=\"{&quot;background_background&quot;:&quot;slideshow&quot;,&quot;background_slideshow_gallery&quot;:[{&quot;id&quot;:133,&quot;url&quot;:&quot;https:\\\/\\\/rancholosgavilanes.com\\\/wp-content\\\/uploads\\\/2025\\\/11\\\/d7cf34dd-fb4d-4f23-ba48-9026b9877580-1-scaled.jpg&quot;}],&quot;background_slideshow_loop&quot;:&quot;yes&quot;,&quot;background_slideshow_slide_duration&quot;:5000,&quot;background_slideshow_slide_transition&quot;:&quot;fade&quot;,&quot;background_slideshow_transition_duration&quot;:500}\">\n\t\t\t\t<\/div>\n\t\t<div class=\"elementor-element elementor-element-24febed e-con-full e-flex e-con e-child\" data-id=\"24febed\" data-element_type=\"container\" data-settings=\"{&quot;background_background&quot;:&quot;slideshow&quot;,&quot;background_slideshow_gallery&quot;:[{&quot;id&quot;:158,&quot;url&quot;:&quot;https:\\\/\\\/rancholosgavilanes.com\\\/wp-content\\\/uploads\\\/2025\\\/11\\\/0f8a4340-14a1-4b8f-8325-8314b538ad9e-scaled.webp&quot;}],&quot;background_slideshow_loop&quot;:&quot;yes&quot;,&quot;background_slideshow_slide_duration&quot;:5000,&quot;background_slideshow_slide_transition&quot;:&quot;fade&quot;,&quot;background_slideshow_transition_duration&quot;:500}\">\n\t\t\t\t<\/div>\n\t\t\t\t\t<\/div>\n\t\t\t\t<\/div>\n\t\t<div class=\"elementor-element elementor-element-603cf9f8 e-con-full animated-slow e-flex elementor-invisible e-con e-parent\" data-id=\"603cf9f8\" data-element_type=\"container\" data-settings=\"{&quot;animation&quot;:&quot;fadeIn&quot;}\">\n\t\t\t\t<div class=\"elementor-element elementor-element-504061a3 elementor-widget elementor-widget-heading\" data-id=\"504061a3\" data-element_type=\"widget\" data-widget_type=\"heading.default\">\n\t\t\t\t\t<h2 class=\"elementor-heading-title elementor-size-default\">Our services<\/h2>\t\t\t\t<\/div>\n\t\t<div class=\"elementor-element elementor-element-750aab8a e-con-full mi-galeria e-flex e-con e-child\" data-id=\"750aab8a\" data-element_type=\"container\">\n\t\t<div class=\"elementor-element elementor-element-10f72d55 e-con-full e-flex e-con e-child\" data-id=\"10f72d55\" data-element_type=\"container\" data-settings=\"{&quot;background_background&quot;:&quot;slideshow&quot;,&quot;background_slideshow_gallery&quot;:[],&quot;background_slideshow_loop&quot;:&quot;yes&quot;,&quot;background_slideshow_slide_duration&quot;:5000,&quot;background_slideshow_slide_transition&quot;:&quot;fade&quot;,&quot;background_slideshow_transition_duration&quot;:500}\">\n\t\t\t\t<div class=\"elementor-element elementor-element-66da657e elementor-widget__width-initial cuadro-img elementor-position-top elementor-widget elementor-widget-image-box\" data-id=\"66da657e\" data-element_type=\"widget\" data-widget_type=\"image-box.default\">\n\t\t\t\t\t<div class=\"elementor-image-box-wrapper\"><figure class=\"elementor-image-box-img\"><a href=\"\/en\/services\/\" tabindex=\"-1\"><img fetchpriority=\"high\" decoding=\"async\" width=\"667\" height=\"1000\" src=\"https:\/\/rancholosgavilanes.com\/wp-content\/uploads\/2025\/11\/2319.webp\" class=\"attachment-1536x1536 size-1536x1536 wp-image-396\" alt=\"\" srcset=\"https:\/\/rancholosgavilanes.com\/wp-content\/uploads\/2025\/11\/2319.webp 667w, https:\/\/rancholosgavilanes.com\/wp-content\/uploads\/2025\/11\/2319-200x300.webp 200w, https:\/\/rancholosgavilanes.com\/wp-content\/uploads\/2025\/11\/2319-8x12.jpg 8w\" sizes=\"(max-width: 667px) 100vw, 667px\" \/><\/a><\/figure><div class=\"elementor-image-box-content\"><h3 class=\"elementor-image-box-title\"><a href=\"\/en\/services\/\">Camping<\/a><\/h3><p class=\"elementor-image-box-description\">Camping area with services and access to facilities.<\/p><\/div><\/div>\t\t\t\t<\/div>\n\t\t\t\t<div class=\"elementor-element elementor-element-448233e3 elementor-align-center elementor-widget elementor-widget-button\" data-id=\"448233e3\" data-element_type=\"widget\" data-widget_type=\"button.default\">\n\t\t\t\t\t\t\t\t\t\t<a class=\"elementor-button elementor-button-link elementor-size-sm\" href=\"https:\/\/rancholosgavilanes.com\/en\/services\/\">\n\t\t\t\t\t\t<span class=\"elementor-button-content-wrapper\">\n\t\t\t\t\t\t\t\t\t<span class=\"elementor-button-text\">See more<\/span>\n\t\t\t\t\t<\/span>\n\t\t\t\t\t<\/a>\n\t\t\t\t\t\t\t\t<\/div>\n\t\t\t\t<\/div>\n\t\t<div class=\"elementor-element elementor-element-208e0f40 e-con-full e-flex e-con e-child\" data-id=\"208e0f40\" data-element_type=\"container\">\n\t\t\t\t<div class=\"elementor-element elementor-element-54f33611 elementor-position-top elementor-widget elementor-widget-image-box\" data-id=\"54f33611\" data-element_type=\"widget\" data-widget_type=\"image-box.default\">\n\t\t\t\t\t<div class=\"elementor-image-box-wrapper\"><figure class=\"elementor-image-box-img\"><a href=\"\/en\/services\/\" tabindex=\"-1\"><img decoding=\"async\" width=\"150\" height=\"150\" src=\"https:\/\/rancholosgavilanes.com\/wp-content\/uploads\/2025\/11\/2147638834-150x150.webp\" class=\"attachment-thumbnail size-thumbnail wp-image-165\" alt=\"\" \/><\/a><\/figure><div class=\"elementor-image-box-content\"><h3 class=\"elementor-image-box-title\"><a href=\"\/en\/services\/\">Picnic<\/a><\/h3><p class=\"elementor-image-box-description\">Shaded areas by the river.<\/p><\/div><\/div>\t\t\t\t<\/div>\n\t\t\t\t<div class=\"elementor-element elementor-element-38499ff9 elementor-align-center elementor-widget elementor-widget-button\" data-id=\"38499ff9\" data-element_type=\"widget\" data-widget_type=\"button.default\">\n\t\t\t\t\t\t\t\t\t\t<a class=\"elementor-button elementor-button-link elementor-size-sm\" href=\"\/en\/services\/\">\n\t\t\t\t\t\t<span class=\"elementor-button-content-wrapper\">\n\t\t\t\t\t\t\t\t\t<span class=\"elementor-button-text\">See more<\/span>\n\t\t\t\t\t<\/span>\n\t\t\t\t\t<\/a>\n\t\t\t\t\t\t\t\t<\/div>\n\t\t\t\t<\/div>\n\t\t<div class=\"elementor-element elementor-element-4951f18a e-con-full e-flex e-con e-child\" data-id=\"4951f18a\" data-element_type=\"container\">\n\t\t\t\t<div class=\"elementor-element elementor-element-25846d51 elementor-position-top elementor-widget elementor-widget-image-box\" data-id=\"25846d51\" data-element_type=\"widget\" data-widget_type=\"image-box.default\">\n\t\t\t\t\t<div class=\"elementor-image-box-wrapper\"><figure class=\"elementor-image-box-img\"><a href=\"\/en\/services\/\" tabindex=\"-1\"><img decoding=\"async\" width=\"1280\" height=\"1280\" src=\"https:\/\/rancholosgavilanes.com\/wp-content\/uploads\/2025\/11\/WhatsApp-Image-2025-11-10-at-6.40.31-AM.webp\" class=\"attachment-full size-full wp-image-397\" alt=\"\" srcset=\"https:\/\/rancholosgavilanes.com\/wp-content\/uploads\/2025\/11\/WhatsApp-Image-2025-11-10-at-6.40.31-AM.webp 1280w, https:\/\/rancholosgavilanes.com\/wp-content\/uploads\/2025\/11\/WhatsApp-Image-2025-11-10-at-6.40.31-AM-300x300.webp 300w, https:\/\/rancholosgavilanes.com\/wp-content\/uploads\/2025\/11\/WhatsApp-Image-2025-11-10-at-6.40.31-AM-1024x1024.webp 1024w, https:\/\/rancholosgavilanes.com\/wp-content\/uploads\/2025\/11\/WhatsApp-Image-2025-11-10-at-6.40.31-AM-150x150.webp 150w, https:\/\/rancholosgavilanes.com\/wp-content\/uploads\/2025\/11\/WhatsApp-Image-2025-11-10-at-6.40.31-AM-768x768.webp 768w, https:\/\/rancholosgavilanes.com\/wp-content\/uploads\/2025\/11\/WhatsApp-Image-2025-11-10-at-6.40.31-AM-12x12.webp 12w\" sizes=\"(max-width: 1280px) 100vw, 1280px\" \/><\/a><\/figure><div class=\"elementor-image-box-content\"><h3 class=\"elementor-image-box-title\"><a href=\"\/en\/services\/\">Lodging<\/a><\/h3><p class=\"elementor-image-box-description\">Private rooms, pool, and nature<\/p><\/div><\/div>\t\t\t\t<\/div>\n\t\t\t\t<div class=\"elementor-element elementor-element-43ac9c9b elementor-align-center elementor-widget elementor-widget-button\" data-id=\"43ac9c9b\" data-element_type=\"widget\" data-widget_type=\"button.default\">\n\t\t\t\t\t\t\t\t\t\t<a class=\"elementor-button elementor-button-link elementor-size-sm\" href=\"\/en\/services\/\">\n\t\t\t\t\t\t<span class=\"elementor-button-content-wrapper\">\n\t\t\t\t\t\t\t\t\t<span class=\"elementor-button-text\">See more<\/span>\n\t\t\t\t\t<\/span>\n\t\t\t\t\t<\/a>\n\t\t\t\t\t\t\t\t<\/div>\n\t\t\t\t<\/div>\n\t\t<div class=\"elementor-element elementor-element-1856c2ea e-con-full e-flex e-con e-child\" data-id=\"1856c2ea\" data-element_type=\"container\">\n\t\t\t\t<div class=\"elementor-element elementor-element-761ad57f elementor-position-top elementor-widget elementor-widget-image-box\" data-id=\"761ad57f\" data-element_type=\"widget\" data-widget_type=\"image-box.default\">\n\t\t\t\t\t<div class=\"elementor-image-box-wrapper\"><figure class=\"elementor-image-box-img\"><a href=\"\/en\/services\/\" tabindex=\"-1\"><img loading=\"lazy\" decoding=\"async\" width=\"670\" height=\"1000\" src=\"https:\/\/rancholosgavilanes.com\/wp-content\/uploads\/2025\/11\/24019377.webp\" class=\"attachment-full size-full wp-image-398\" alt=\"\" srcset=\"https:\/\/rancholosgavilanes.com\/wp-content\/uploads\/2025\/11\/24019377.webp 670w, https:\/\/rancholosgavilanes.com\/wp-content\/uploads\/2025\/11\/24019377-201x300.webp 201w, https:\/\/rancholosgavilanes.com\/wp-content\/uploads\/2025\/11\/24019377-8x12.webp 8w\" sizes=\"(max-width: 670px) 100vw, 670px\" \/><\/a><\/figure><div class=\"elementor-image-box-content\"><h3 class=\"elementor-image-box-title\"><a href=\"\/en\/services\/\">Events<\/a><\/h3><p class=\"elementor-image-box-description\">Spaces for birthdays, groups, or special events.<\/p><\/div><\/div>\t\t\t\t<\/div>\n\t\t\t\t<div class=\"elementor-element elementor-element-6d352988 elementor-align-center elementor-widget elementor-widget-button\" data-id=\"6d352988\" data-element_type=\"widget\" data-widget_type=\"button.default\">\n\t\t\t\t\t\t\t\t\t\t<a class=\"elementor-button elementor-button-link elementor-size-sm\" href=\"\/en\/services\/\">\n\t\t\t\t\t\t<span class=\"elementor-button-content-wrapper\">\n\t\t\t\t\t\t\t\t\t<span class=\"elementor-button-text\">See more<\/span>\n\t\t\t\t\t<\/span>\n\t\t\t\t\t<\/a>\n\t\t\t\t\t\t\t\t<\/div>\n\t\t\t\t<\/div>\n\t\t\t\t<\/div>\n\t\t\t\t<\/div>\n\t\t<div class=\"elementor-element elementor-element-2be0334e e-con-full animated-slow e-flex elementor-invisible e-con e-parent\" data-id=\"2be0334e\" data-element_type=\"container\" data-settings=\"{&quot;background_background&quot;:&quot;slideshow&quot;,&quot;background_slideshow_gallery&quot;:[{&quot;id&quot;:571,&quot;url&quot;:&quot;https:\\\/\\\/rancholosgavilanes.com\\\/wp-content\\\/uploads\\\/2025\\\/11\\\/efee0974-8f46-4b67-88ad-4cfba49b2014-scaled.jpg&quot;}],&quot;animation&quot;:&quot;fadeIn&quot;,&quot;background_slideshow_loop&quot;:&quot;yes&quot;,&quot;background_slideshow_slide_duration&quot;:5000,&quot;background_slideshow_slide_transition&quot;:&quot;fade&quot;,&quot;background_slideshow_transition_duration&quot;:500}\">\n\t\t<div class=\"elementor-element elementor-element-11048b3f e-con-full e-flex e-con e-child\" data-id=\"11048b3f\" data-element_type=\"container\" data-settings=\"{&quot;background_background&quot;:&quot;gradient&quot;}\">\n\t\t\t\t<div class=\"elementor-element elementor-element-13ed2a44 elementor-widget elementor-widget-heading\" data-id=\"13ed2a44\" data-element_type=\"widget\" data-widget_type=\"heading.default\">\n\t\t\t\t\t<h2 class=\"elementor-heading-title elementor-size-default\">Why choose Rancho Los Gavilanes?<\/h2>\t\t\t\t<\/div>\n\t\t\t\t<div class=\"elementor-element elementor-element-35800d87 elementor-widget__width-initial elementor-widget elementor-widget-text-editor\" data-id=\"35800d87\" data-element_type=\"widget\" data-widget_type=\"text-editor.default\">\n\t\t\t\t\t\t\t\t\t<p>Enjoy the Guanacaste nature with the comfort, flavor, and hospitality of a 100% local experience. At Los Gavilanes, you don\u2019t just come to spend the day \u2014 you come to truly disconnect and enjoy yourself.<\/p>\t\t\t\t\t\t\t\t<\/div>\n\t\t\t\t<\/div>\n\t\t\t\t<\/div>\n\t\t<div class=\"elementor-element elementor-element-46591b8d e-con-full animated-slow e-flex elementor-invisible e-con e-parent\" data-id=\"46591b8d\" data-element_type=\"container\" data-settings=\"{&quot;animation&quot;:&quot;fadeIn&quot;}\">\n\t\t\t\t<div class=\"elementor-element elementor-element-3445ee9d elementor-widget elementor-widget-heading\" data-id=\"3445ee9d\" data-element_type=\"widget\" data-widget_type=\"heading.default\">\n\t\t\t\t\t<h2 class=\"elementor-heading-title elementor-size-default\">Customer Testimonials<\/h2>\t\t\t\t<\/div>\n\t\t<div class=\"elementor-element elementor-element-9133c5e e-con-full e-flex e-con e-child\" data-id=\"9133c5e\" data-element_type=\"container\">\n\t\t\t\t<div class=\"elementor-element elementor-element-6bf8f8e5 elementor-widget elementor-widget-testimonial\" data-id=\"6bf8f8e5\" data-element_type=\"widget\" data-widget_type=\"testimonial.default\">\n\t\t\t\t\t\t\t<div class=\"elementor-testimonial-wrapper\">\n\t\t\t\t\t\t\t<div class=\"elementor-testimonial-content\">\"Un lugar espectacular para descansar y disfrutar de la naturaleza .Las caba\u00f1as son muy c\u00f3modas, la piscina est\u00e1 siempre limpia y la comida del restaurante es deliciosa. Lo mejor fue poder caminar hasta la catarata y ba\u00f1arnos en el r\u00edo, una experiencia inolvidable. Sin duda volver\u00e9 con mi familia\"<\/div>\n\t\t\t\n\t\t\t\t\t\t<div class=\"elementor-testimonial-meta\">\n\t\t\t\t<div class=\"elementor-testimonial-meta-inner\">\n\t\t\t\t\t\n\t\t\t\t\t\t\t\t\t\t<div class=\"elementor-testimonial-details\">\n\t\t\t\t\t\t\t\t\t\t\t\t\t\t<div class=\"elementor-testimonial-name\">Laura G\u00f3mez<\/div>\n\t\t\t\t\t\t\t\t\t\t\t\t\t\t\t\t\t\t\t<\/div>\n\t\t\t\t\t\t\t\t\t<\/div>\n\t\t\t<\/div>\n\t\t\t\t\t<\/div>\n\t\t\t\t\t\t<\/div>\n\t\t\t\t<div class=\"elementor-element elementor-element-6b7691c7 elementor-widget elementor-widget-testimonial\" data-id=\"6b7691c7\" data-element_type=\"widget\" data-widget_type=\"testimonial.default\">\n\t\t\t\t\t\t\t<div class=\"elementor-testimonial-wrapper\">\n\t\t\t\t\t\t\t<div class=\"elementor-testimonial-content\">\"Pasamos un fin de semana incre\u00edble . El personal fue muy amable, las instalaciones est\u00e1n bien cuidadas y el ambiente es s\u00faper tranquilo. Me encant\u00f3 el sonido del r\u00edo y la vista desde las caba\u00f1as. Ideal para desconectarse del estr\u00e9s de la ciudad y conectar con la naturaleza. Totalmente recomendado.\"<\/div>\n\t\t\t\n\t\t\t\t\t\t<div class=\"elementor-testimonial-meta\">\n\t\t\t\t<div class=\"elementor-testimonial-meta-inner\">\n\t\t\t\t\t\n\t\t\t\t\t\t\t\t\t\t<div class=\"elementor-testimonial-details\">\n\t\t\t\t\t\t\t\t\t\t\t\t\t\t<div class=\"elementor-testimonial-name\">Andr\u00e9s M\u00e1rtinez<\/div>\n\t\t\t\t\t\t\t\t\t\t\t\t\t\t\t\t\t\t\t<\/div>\n\t\t\t\t\t\t\t\t\t<\/div>\n\t\t\t<\/div>\n\t\t\t\t\t<\/div>\n\t\t\t\t\t\t<\/div>\n\t\t\t\t<div class=\"elementor-element elementor-element-d70ab8c elementor-widget elementor-widget-testimonial\" data-id=\"d70ab8c\" data-element_type=\"widget\" data-widget_type=\"testimonial.default\">\n\t\t\t\t\t\t\t<div class=\"elementor-testimonial-wrapper\">\n\t\t\t\t\t\t\t<div class=\"elementor-testimonial-content\">\"This place is absolutely amazing! The cabins are cozy and clean, the restaurant offers delicious local dishes, and the pool area is perfect to relax. The waterfall and river nearby make it even more special , a true hidden paradise. Highly recommended\"<\/div>\n\t\t\t\n\t\t\t\t\t\t<div class=\"elementor-testimonial-meta\">\n\t\t\t\t<div class=\"elementor-testimonial-meta-inner\">\n\t\t\t\t\t\n\t\t\t\t\t\t\t\t\t\t<div class=\"elementor-testimonial-details\">\n\t\t\t\t\t\t\t\t\t\t\t\t\t\t<div class=\"elementor-testimonial-name\">Emily Jhonson<\/div>\n\t\t\t\t\t\t\t\t\t\t\t\t\t\t\t\t\t\t\t<\/div>\n\t\t\t\t\t\t\t\t\t<\/div>\n\t\t\t<\/div>\n\t\t\t\t\t<\/div>\n\t\t\t\t\t\t<\/div>\n\t\t\t\t<\/div>\n\t\t\t\t<\/div>\n\t\t<div class=\"elementor-element elementor-element-d2626b6 animated-slow e-flex e-con-boxed elementor-invisible e-con e-parent\" data-id=\"d2626b6\" data-element_type=\"container\" data-settings=\"{&quot;animation&quot;:&quot;fadeIn&quot;}\">\n\t\t\t\t\t<div class=\"e-con-inner\">\n\t\t<div class=\"elementor-element elementor-element-55cbbf4 e-con-full e-flex e-con e-child\" data-id=\"55cbbf4\" data-element_type=\"container\" data-settings=\"{&quot;background_background&quot;:&quot;slideshow&quot;,&quot;background_slideshow_gallery&quot;:[{&quot;id&quot;:174,&quot;url&quot;:&quot;https:\\\/\\\/rancholosgavilanes.com\\\/wp-content\\\/uploads\\\/2025\\\/11\\\/0837e7ff-d24e-4685-a63c-e1edc657228e-scaled.webp&quot;}],&quot;background_slideshow_loop&quot;:&quot;yes&quot;,&quot;background_slideshow_slide_duration&quot;:5000,&quot;background_slideshow_slide_transition&quot;:&quot;fade&quot;,&quot;background_slideshow_transition_duration&quot;:500}\">\n\t\t\t\t<\/div>\n\t\t<div class=\"elementor-element elementor-element-1746132 e-con-full e-flex e-con e-child\" data-id=\"1746132\" data-element_type=\"container\">\n\t\t<div class=\"elementor-element elementor-element-2bc4d7a2 e-con-full e-flex e-con e-child\" data-id=\"2bc4d7a2\" data-element_type=\"container\">\n\t\t\t\t<div class=\"elementor-element elementor-element-1f08210a elementor-widget elementor-widget-heading\" data-id=\"1f08210a\" data-element_type=\"widget\" data-widget_type=\"heading.default\">\n\t\t\t\t\t<h2 class=\"elementor-heading-title elementor-size-default\">Come, breath and live<br>the experience<br>Los Gavilanes<\/h2>\t\t\t\t<\/div>\n\t\t\t\t<div class=\"elementor-element elementor-element-f2744ef elementor-widget__width-initial elementor-widget elementor-widget-text-editor\" data-id=\"f2744ef\" data-element_type=\"widget\" data-widget_type=\"text-editor.default\">\n\t\t\t\t\t\t\t\t\t<p>Make your reservation today and let yourself be pampered in the best rural spot in Guanacaste.<\/p>\t\t\t\t\t\t\t\t<\/div>\n\t\t\t\t<div class=\"elementor-element elementor-element-7824db44 elementor-align-left elementor-mobile-align-center elementor-invisible elementor-widget elementor-widget-button\" data-id=\"7824db44\" data-element_type=\"widget\" data-settings=\"{&quot;_animation&quot;:&quot;fadeInDown&quot;}\" data-widget_type=\"button.default\">\n\t\t\t\t\t\t\t\t\t\t<a class=\"elementor-button elementor-button-link elementor-size-sm\" href=\"https:\/\/rancholosgavilanes.com\/en\/wp-booking-calendar\/\" target=\"_blank\">\n\t\t\t\t\t\t<span class=\"elementor-button-content-wrapper\">\n\t\t\t\t\t\t\t\t\t<span class=\"elementor-button-text\">Book now<\/span>\n\t\t\t\t\t<\/span>\n\t\t\t\t\t<\/a>\n\t\t\t\t\t\t\t\t<\/div>\n\t\t\t\t<\/div>\n\t\t\t\t<\/div>\n\t\t\t\t\t<\/div>\n\t\t\t\t<\/div>\n\t\t\t\t<\/div>","protected":false},"excerpt":{"rendered":"<p>Bienvenido a Rancho Los Gavilanes Naturaleza, descanso y sabor t\u00edpico en el coraz\u00f3n de Guanacaste. Reservar ahora Vive una experiencia [&hellip;]<\/p>","protected":false},"author":1,"featured_media":0,"parent":0,"menu_order":0,"comment_status":"closed","ping_status":"closed","template":"elementor_header_footer","meta":{"site-sidebar-layout":"default","site-content-layout":"","ast-site-content-layout":"default","site-content-style":"default","site-sidebar-style":"default","ast-global-header-display":"","ast-banner-title-visibility":"","ast-main-header-display":"","ast-hfb-above-header-display":"","ast-hfb-below-header-display":"","ast-hfb-mobile-header-display":"","site-post-title":"","ast-breadcrumbs-content":"","ast-featured-img":"","footer-sml-layout":"","theme-transparent-header-meta":"","adv-header-id-meta":"","stick-header-meta":"","header-above-stick-meta":"","header-main-stick-meta":"","header-below-stick-meta":"","astra-migrate-meta-layouts":"default","ast-page-background-enabled":"default","ast-page-background-meta":{"desktop":{"background-color":"var(--ast-global-color-5)","background-image":"","background-repeat":"repeat","background-position":"center center","background-size":"auto","background-attachment":"scroll","background-type":"","background-media":"","overlay-type":"","overlay-color":"","overlay-opacity":"","overlay-gradient":""},"tablet":{"background-color":"","background-image":"","background-repeat":"repeat","background-position":"center center","background-size":"auto","background-attachment":"scroll","background-type":"","background-media":"","overlay-type":"","overlay-color":"","overlay-opacity":"","overlay-gradient":""},"mobile":{"background-color":"","background-image":"","background-repeat":"repeat","background-position":"center center","background-size":"auto","background-attachment":"scroll","background-type":"","background-media":"","overlay-type":"","overlay-color":"","overlay-opacity":"","overlay-gradient":""}},"ast-content-background-meta":{"desktop":{"background-color":"var(--ast-global-color-4)","background-image":"","background-repeat":"repeat","background-position":"center center","background-size":"auto","background-attachment":"scroll","background-type":"","background-media":"","overlay-type":"","overlay-color":"","overlay-opacity":"","overlay-gradient":""},"tablet":{"background-color":"var(--ast-global-color-4)","background-image":"","background-repeat":"repeat","background-position":"center center","background-size":"auto","background-attachment":"scroll","background-type":"","background-media":"","overlay-type":"","overlay-color":"","overlay-opacity":"","overlay-gradient":""},"mobile":{"background-color":"var(--ast-global-color-4)","background-image":"","background-repeat":"repeat","background-position":"center center","background-size":"auto","background-attachment":"scroll","background-type":"","background-media":"","overlay-type":"","overlay-color":"","overlay-opacity":"","overlay-gradient":""}},"footnotes":""},"class_list":["post-56","page","type-page","status-publish","hentry"],"_links":{"self":[{"href":"https:\/\/rancholosgavilanes.com\/en\/wp-json\/wp\/v2\/pages\/56","targetHints":{"allow":["GET"]}}],"collection":[{"href":"https:\/\/rancholosgavilanes.com\/en\/wp-json\/wp\/v2\/pages"}],"about":[{"href":"https:\/\/rancholosgavilanes.com\/en\/wp-json\/wp\/v2\/types\/page"}],"author":[{"embeddable":true,"href":"https:\/\/rancholosgavilanes.com\/en\/wp-json\/wp\/v2\/users\/1"}],"replies":[{"embeddable":true,"href":"https:\/\/rancholosgavilanes.com\/en\/wp-json\/wp\/v2\/comments?post=56"}],"version-history":[{"count":187,"href":"https:\/\/rancholosgavilanes.com\/en\/wp-json\/wp\/v2\/pages\/56\/revisions"}],"predecessor-version":[{"id":611,"href":"https:\/\/rancholosgavilanes.com\/en\/wp-json\/wp\/v2\/pages\/56\/revisions\/611"}],"wp:attachment":[{"href":"https:\/\/rancholosgavilanes.com\/en\/wp-json\/wp\/v2\/media?parent=56"}],"curies":[{"name":"wp","href":"https:\/\/api.w.org\/{rel}","templated":true}]}}